{"id":722,"date":"2021-04-20T13:58:53","date_gmt":"2021-04-20T13:58:53","guid":{"rendered":"http:\/\/www.fleischer-grossmann.de\/?page_id=722"},"modified":"2021-05-31T11:30:58","modified_gmt":"2021-05-31T11:30:58","slug":"impressum","status":"publish","type":"page","link":"https:\/\/www.fleischer-grossmann.de\/index.php\/impressum\/","title":{"rendered":"Impressum"},"content":{"rendered":"\t\t<div data-elementor-type=\"wp-page\" data-elementor-id=\"722\" class=\"elementor elementor-722\" data-elementor-post-type=\"page\">\n\t\t\t\t\t\t<section class=\"elementor-section elementor-top-section elementor-element elementor-element-f6dd36c elementor-section-boxed elementor-section-height-default elementor-section-height-default\" data-id=\"f6dd36c\" data-element_type=\"section\" data-e-type=\"section\">\n\t\t\t\t\t\t<div class=\"elementor-container elementor-column-gap-default\">\n\t\t\t\t\t<div class=\"elementor-column elementor-col-100 elementor-top-column elementor-element elementor-element-9e489c0\" data-id=\"9e489c0\" data-element_type=\"column\" data-e-type=\"column\">\n\t\t\t<div class=\"elementor-widget-wrap elementor-element-populated\">\n\t\t\t\t\t\t<div class=\"elementor-element elementor-element-d848256 elementor-widget elementor-widget-heading\" data-id=\"d848256\" data-element_type=\"widget\" data-e-type=\"widget\" data-widget_type=\"heading.default\">\n\t\t\t\t<div class=\"elementor-widget-container\">\n\t\t\t\t\t<h2 class=\"elementor-heading-title elementor-size-default\">Impressum<\/h2>\t\t\t\t<\/div>\n\t\t\t\t<\/div>\n\t\t\t\t\t<\/div>\n\t\t<\/div>\n\t\t\t\t\t<\/div>\n\t\t<\/section>\n\t\t\t\t<section class=\"elementor-section elementor-top-section elementor-element elementor-element-44476f7f elementor-section-boxed elementor-section-height-default elementor-section-height-default\" data-id=\"44476f7f\" data-element_type=\"section\" data-e-type=\"section\">\n\t\t\t\t\t\t<div class=\"elementor-container elementor-column-gap-default\">\n\t\t\t\t\t<div class=\"elementor-column elementor-col-100 elementor-top-column elementor-element elementor-element-5d9eeced\" data-id=\"5d9eeced\" data-element_type=\"column\" data-e-type=\"column\">\n\t\t\t<div class=\"elementor-widget-wrap elementor-element-populated\">\n\t\t\t\t\t\t<section class=\"elementor-section elementor-inner-section elementor-element elementor-element-70a5a065 elementor-section-boxed elementor-section-height-default elementor-section-height-default\" data-id=\"70a5a065\" data-element_type=\"section\" data-e-type=\"section\">\n\t\t\t\t\t\t<div class=\"elementor-container elementor-column-gap-default\">\n\t\t\t\t\t<div class=\"elementor-column elementor-col-50 elementor-inner-column elementor-element elementor-element-17a09ffd\" data-id=\"17a09ffd\" data-element_type=\"column\" data-e-type=\"column\">\n\t\t\t<div class=\"elementor-widget-wrap elementor-element-populated\">\n\t\t\t\t\t\t<div class=\"elementor-element elementor-element-7cb312fa elementor-widget elementor-widget-text-editor\" data-id=\"7cb312fa\" data-element_type=\"widget\" data-e-type=\"widget\" data-widget_type=\"text-editor.default\">\n\t\t\t\t<div class=\"elementor-widget-container\">\n\t\t\t\t\t\t\t\t\t<p>Handwerksmeister<br \/><span style=\"font-size: 16px;\">Axel Gro\u00dfmann<br \/><\/span><span style=\"font-size: 16px;\">Fleischer \u2013 Fachgesch\u00e4ft<\/span><\/p><p><span style=\"font-size: 16px;\">Rosenstra\u00dfe 26<br \/><\/span><span style=\"font-size: 16px;\">65582 Diez<\/span><\/p><p><span style=\"font-size: 16px;\">Telefon: 06432-3237<br \/><\/span><span style=\"font-size: 16px;\">Telefax: 06432-921958<br \/><\/span><span style=\"font-size: 16px;\">E-Mail: info@fleischer-grossmann.de<\/span><\/p><p><span style=\"font-size: 16px;\"><b>V<\/b><\/span><span style=\"font-size: 16px;\"><b>ertretungsberechtigt:<\/b><br \/>Axel Gro\u00dfmann<\/span><\/p><p><span style=\"font-size: 16px;\"><b>Zust\u00e4ndige Kammer:<br \/><\/b><\/span><span style=\"font-size: 16px;\">Handwerkskammer Koblenz<\/span><\/p><p><b>Berufsbezeichnung:<\/b><br \/>Selbstst\u00e4ndiger Fleischermeister<\/p><p><b>Berufsrechtliche Regelungen:<\/b><br \/><span style=\"font-size: 16px;\">Handwerksordnung<\/span><\/p><p><span style=\"font-size: 16px;\"><b>Aufsichtsbeh\u00f6rde:<\/b><br \/><\/span><span style=\"font-size: 16px;\">Kreisverwaltung des Rhein-Lahn-Kreises<br \/><\/span><span style=\"font-size: 16px;\">Insel Silberau 1<br \/><\/span><span style=\"font-size: 16px;\">56130 Bad Ems\u00a0<\/span><\/p><p><b>Berufshaftpflichtversicherung:<\/b><br \/><span style=\"font-size: 16px;\">Signal Iduna Gruppe<br \/><\/span><span style=\"font-size: 16px;\">Hauptverwaltung Dortmund<br \/><\/span><span style=\"font-size: 16px;\">Joseph-Scherer-Stra\u00dfe 3<br \/><\/span><span style=\"font-size: 16px;\">44139 Dortmund<\/span><\/p><p><b style=\"font-size: 17px; letter-spacing: 0.2px;\">Umsatzsteuer-Identifikationsnummer<\/b><br \/><span style=\"font-size: 17px; letter-spacing: 0.2px;\">DE239920519<\/span><\/p><p>Wir beteiligen uns nicht an Verbraucherschlichtungsverfahren nach dem Verbraucherstreitbeilegungsgesetz. Streitigkeiten \u00fcber den geschlossenen Vertrag und dessen Ausf\u00fchrung k\u00f6nnen vor der Vermittlungsstelle<\/p><p>Handwerkskammer Koblenz<br \/><span style=\"font-size: 17px; letter-spacing: 0.2px;\">Dieter Ehrmann, Assessor jur.<br \/>Rizzastra\u00dfe 24-26<br \/>56068 Koblenz<\/span><\/p><p><span style=\"font-size: 17px; letter-spacing: 0.2px;\">verhandelt werden.<\/span><\/p><p><b>Copyright Fotos<br \/><\/b>\u00a9 ty, #227743906<br \/>\u00a9 contrastwerkstatt, #29169682<br \/>\u00a9 Alexander Raths, #191656718<br \/>\u00a9 Alexander Raths, #191656322<br \/>\u00a9 karepa, #188182018<br \/>\u00a9 Yaruniv-Studio, #301766145<br \/>\u00a9 zukamilov, #313940085<br \/>\u00a9 Kzenon, #195183027<br \/>\u00a9 contrastwerkstatt, #31461296<br \/>\u00a9 Sea Wave, #421000313<br \/>\u00a9 exclusive-design, #248240004<br \/>\u00a9 contrastwerkstatt, #29111539<br \/>\u00a9 alex #279615772, Standardbild<br \/>\u00a9 OlesyaSH, #264687650<br \/>\u00a9 Yaruniv-Studio, #269516946<br \/><a href=\"https:\/\/stock.adobe.com\/\" target=\"_blank\" rel=\"noopener\">https:\/\/stock.adobe.com\/<\/a><b><br \/><br \/><\/b><\/p><p><b>Webmaster:<\/b><br \/>interatmedia gmbh &amp; co. kg<br \/><a href=\"https:\/\/www.interatmedia.de\" target=\"_blank\" rel=\"noopener\">www.interatmedia.de<\/a><\/p>\t\t\t\t\t\t\t\t<\/div>\n\t\t\t\t<\/div>\n\t\t\t\t\t<\/div>\n\t\t<\/div>\n\t\t\t\t<div class=\"elementor-column elementor-col-50 elementor-inner-column elementor-element elementor-element-192d2781\" data-id=\"192d2781\" data-element_type=\"column\" data-e-type=\"column\">\n\t\t\t<div class=\"elementor-widget-wrap elementor-element-populated\">\n\t\t\t\t\t\t<div class=\"elementor-element elementor-element-54a08de2 elementor-widget elementor-widget-text-editor\" data-id=\"54a08de2\" data-element_type=\"widget\" data-e-type=\"widget\" data-widget_type=\"text-editor.default\">\n\t\t\t\t<div class=\"elementor-widget-container\">\n\t\t\t\t\t\t\t\t\t<p><b>Haftung f\u00fcr Inhalte<br \/><\/b><span style=\"font-size: 17px; letter-spacing: 0.2px;\">Die Inhalte unserer Seiten wurden mit gr\u00f6\u00dfter Sorgfalt erstellt. F\u00fcr die Richtigkeit, Vollst\u00e4ndigkeit und Aktualit\u00e4t der Inhalte k\u00f6nnen wir jedoch keine Gew\u00e4hr \u00fcbernehmen. Als Diensteanbieter sind wir gem\u00e4\u00df \u00a7 7 Abs.1 TMG f\u00fcr eigene Inhalte auf diesen Seiten nach den allgemeinen Gesetzen verantwortlich. Nach \u00a7\u00a7 8 bis 10 TMG sind wir als Diensteanbieter jedoch nicht verpflichtet, \u00fcbermittelte oder gespeicherte fremde Informationen zu \u00fcberwachen oder nach Umst\u00e4nden zu forschen, die auf eine rechtswidrige T\u00e4tigkeit hinweisen. Verpflichtungen zur Entfernung oder Sperrung der Nutzung von Informationen nach den allgemeinen Gesetzen bleiben hiervon unber\u00fchrt. Eine diesbez\u00fcgliche Haftung ist jedoch erst ab dem Zeitpunkt der Kenntnis einer konkreten Rechtsverletzung m\u00f6glich. Bei Bekanntwerden von entsprechenden Rechtsverletzungen werden wir diese Inhalte umgehend entfernen.<\/span><\/p><p><b>Haftung f\u00fcr Links<br \/><\/b><span style=\"font-size: 17px; letter-spacing: 0.2px;\">Unser Angebot enth\u00e4lt Links zu externen Webseiten Dritter, auf deren Inhalte wir keinen Einfluss haben. Deshalb k\u00f6nnen wir f\u00fcr diese fremden Inhalte auch keine Gew\u00e4hr \u00fcbernehmen. F\u00fcr die Inhalte der verlinkten Seiten ist stets der jeweilige Anbieter oder Betreiber der Seiten verantwortlich. Die verlinkten Seiten wurden zum Zeitpunkt der Verlinkung auf m\u00f6gliche Rechtsverst\u00f6\u00dfe \u00fcberpr\u00fcft. Rechtswidrige Inhalte waren zum Zeitpunkt der Verlinkung nicht erkennbar. Eine permanente inhaltliche Kontrolle der verlinkten Seiten ist jedoch ohne konkrete Anhaltspunkte einer Rechtsverletzung nicht zumutbar. Bei Bekanntwerden von Rechtsverletzungen werden wir derartige Links umgehend entfernen.<\/span><\/p><p><b>Urheberrecht<\/b><br \/><span style=\"font-size: 17px; letter-spacing: 0.2px;\">Die durch die Seitenbetreiber erstellten Inhalte und Werke auf diesen Seiten unterliegen dem deutschen Urheberrecht. Die Vervielf\u00e4ltigung, Bearbeitung, Verbreitung und jede Art der Verwertung au\u00dferhalb der Grenzen des Urheberrechtes bed\u00fcrfen der schriftlichen Zustimmung des jeweiligen Autors bzw. Erstellers. Downloads und Kopien dieser Seite sind nur f\u00fcr den privaten, nicht kommerziellen Gebrauch gestattet. Soweit die Inhalte auf dieser Seite nicht vom Betreiber erstellt wurden, werden die Urheberrechte Dritter beachtet. Insbesondere werden Inhalte Dritter als solche gekennzeichnet. Sollten Sie trotzdem auf eine Urheberrechtsverletzung aufmerksam werden, bitten wir um einen entsprechenden Hinweis. Bei Bekanntwerden von Rechtsverletzungen werden wir derartige Inhalte umgehend entfernen.<\/span><\/p>\t\t\t\t\t\t\t\t<\/div>\n\t\t\t\t<\/div>\n\t\t\t\t\t<\/div>\n\t\t<\/div>\n\t\t\t\t\t<\/div>\n\t\t<\/section>\n\t\t\t\t\t<\/div>\n\t\t<\/div>\n\t\t\t\t\t<\/div>\n\t\t<\/section>\n\t\t\t\t<\/div>\n\t\t","protected":false},"excerpt":{"rendered":"<p>Impressum HandwerksmeisterAxel Gro\u00dfmannFleischer \u2013 Fachgesch\u00e4ft Rosenstra\u00dfe 2665582 Diez Telefon: 06432-3237Telefax: 06432-921958E-Mail: info@fleischer-grossmann.de Vertretungsberechtigt:Axel Gro\u00dfmann Zust\u00e4ndige Kammer:Handwerkskammer Koblenz Berufsbezeichnung:Selbstst\u00e4ndiger Fleischermeister Berufsrechtliche Regelungen:Handwerksordnung Aufsichtsbeh\u00f6rde:Kreisverwaltung des Rhein-Lahn-KreisesInsel Silberau 156130 Bad Ems\u00a0 Berufshaftpflichtversicherung:Signal Iduna GruppeHauptverwaltung DortmundJoseph-Scherer-Stra\u00dfe 344139 Dortmund Umsatzsteuer-IdentifikationsnummerDE239920519 Wir beteiligen uns nicht an Verbraucherschlichtungsverfahren nach dem Verbraucherstreitbeilegungsgesetz. Streitigkeiten \u00fcber den geschlossenen Vertrag und dessen Ausf\u00fchrung k\u00f6nnen vor der [&hellip;]<\/p>\n","protected":false},"author":1,"featured_media":0,"parent":0,"menu_order":0,"comment_status":"closed","ping_status":"closed","template":"","meta":{"ocean_post_layout":"","ocean_both_sidebars_style":"","ocean_both_sidebars_content_width":0,"ocean_both_sidebars_sidebars_width":0,"ocean_sidebar":"0","ocean_second_sidebar":"0","ocean_disable_margins":"enable","ocean_add_body_class":"","ocean_shortcode_before_top_bar":"","ocean_shortcode_after_top_bar":"","ocean_shortcode_before_header":"","ocean_shortcode_after_header":"","ocean_has_shortcode":"","ocean_shortcode_after_title":"","ocean_shortcode_before_footer_widgets":"","ocean_shortcode_after_footer_widgets":"","ocean_shortcode_before_footer_bottom":"","ocean_shortcode_after_footer_bottom":"","ocean_display_top_bar":"default","ocean_display_header":"default","ocean_header_style":"","ocean_center_header_left_menu":"0","ocean_custom_header_template":"0","ocean_custom_logo":0,"ocean_custom_retina_logo":0,"ocean_custom_logo_max_width":0,"ocean_custom_logo_tablet_max_width":0,"ocean_custom_logo_mobile_max_width":0,"ocean_custom_logo_max_height":0,"ocean_custom_logo_tablet_max_height":0,"ocean_custom_logo_mobile_max_height":0,"ocean_header_custom_menu":"0","ocean_menu_typo_font_family":"0","ocean_menu_typo_font_subset":"","ocean_menu_typo_font_size":0,"ocean_menu_typo_font_size_tablet":0,"ocean_menu_typo_font_size_mobile":0,"ocean_menu_typo_font_size_unit":"px","ocean_menu_typo_font_weight":"","ocean_menu_typo_font_weight_tablet":"","ocean_menu_typo_font_weight_mobile":"","ocean_menu_typo_transform":"","ocean_menu_typo_transform_tablet":"","ocean_menu_typo_transform_mobile":"","ocean_menu_typo_line_height":0,"ocean_menu_typo_line_height_tablet":0,"ocean_menu_typo_line_height_mobile":0,"ocean_menu_typo_line_height_unit":"","ocean_menu_typo_spacing":0,"ocean_menu_typo_spacing_tablet":0,"ocean_menu_typo_spacing_mobile":0,"ocean_menu_typo_spacing_unit":"","ocean_menu_link_color":"","ocean_menu_link_color_hover":"","ocean_menu_link_color_active":"","ocean_menu_link_background":"","ocean_menu_link_hover_background":"","ocean_menu_link_active_background":"","ocean_menu_social_links_bg":"","ocean_menu_social_hover_links_bg":"","ocean_menu_social_links_color":"","ocean_menu_social_hover_links_color":"","ocean_disable_title":"on","ocean_disable_heading":"default","ocean_post_title":"","ocean_post_subheading":"","ocean_post_title_style":"","ocean_post_title_background_color":"","ocean_post_title_background":0,"ocean_post_title_bg_image_position":"","ocean_post_title_bg_image_attachment":"","ocean_post_title_bg_image_repeat":"","ocean_post_title_bg_image_size":"","ocean_post_title_height":0,"ocean_post_title_bg_overlay":0.5,"ocean_post_title_bg_overlay_color":"","ocean_disable_breadcrumbs":"default","ocean_breadcrumbs_color":"","ocean_breadcrumbs_separator_color":"","ocean_breadcrumbs_links_color":"","ocean_breadcrumbs_links_hover_color":"","ocean_display_footer_widgets":"default","ocean_display_footer_bottom":"default","ocean_custom_footer_template":"0","footnotes":""},"class_list":["post-722","page","type-page","status-publish","hentry","entry"],"_links":{"self":[{"href":"https:\/\/www.fleischer-grossmann.de\/index.php\/wp-json\/wp\/v2\/pages\/722","targetHints":{"allow":["GET"]}}],"collection":[{"href":"https:\/\/www.fleischer-grossmann.de\/index.php\/wp-json\/wp\/v2\/pages"}],"about":[{"href":"https:\/\/www.fleischer-grossmann.de\/index.php\/wp-json\/wp\/v2\/types\/page"}],"author":[{"embeddable":true,"href":"https:\/\/www.fleischer-grossmann.de\/index.php\/wp-json\/wp\/v2\/users\/1"}],"replies":[{"embeddable":true,"href":"https:\/\/www.fleischer-grossmann.de\/index.php\/wp-json\/wp\/v2\/comments?post=722"}],"version-history":[{"count":0,"href":"https:\/\/www.fleischer-grossmann.de\/index.php\/wp-json\/wp\/v2\/pages\/722\/revisions"}],"wp:attachment":[{"href":"https:\/\/www.fleischer-grossmann.de\/index.php\/wp-json\/wp\/v2\/media?parent=722"}],"curies":[{"name":"wp","href":"https:\/\/api.w.org\/{rel}","templated":true}]}}