{"id":705,"date":"2021-04-20T13:44:27","date_gmt":"2021-04-20T13:44:27","guid":{"rendered":"http:\/\/www.fleischer-grossmann.de\/?page_id=705"},"modified":"2021-05-31T11:02:25","modified_gmt":"2021-05-31T11:02:25","slug":"ausbildung","status":"publish","type":"page","link":"https:\/\/www.fleischer-grossmann.de\/index.php\/ausbildung\/","title":{"rendered":"Ausbildung"},"content":{"rendered":"\t\t<div data-elementor-type=\"wp-page\" data-elementor-id=\"705\" class=\"elementor elementor-705\" data-elementor-post-type=\"page\">\n\t\t\t\t\t\t<section class=\"elementor-section elementor-top-section elementor-element elementor-element-4db94336 elementor-section-full_width elementor-section-height-default elementor-section-height-default\" data-id=\"4db94336\" data-element_type=\"section\" data-e-type=\"section\">\n\t\t\t\t\t\t<div class=\"elementor-container elementor-column-gap-default\">\n\t\t\t\t\t<div class=\"elementor-column elementor-col-50 elementor-top-column elementor-element elementor-element-5941652f\" data-id=\"5941652f\" data-element_type=\"column\" data-e-type=\"column\">\n\t\t\t<div class=\"elementor-widget-wrap elementor-element-populated\">\n\t\t\t\t\t\t<div class=\"elementor-element elementor-element-43fcdf9 elementor-widget elementor-widget-heading\" data-id=\"43fcdf9\" data-element_type=\"widget\" data-e-type=\"widget\" data-widget_type=\"heading.default\">\n\t\t\t\t<div class=\"elementor-widget-container\">\n\t\t\t\t\t<h1 class=\"elementor-heading-title elementor-size-default\">Wir bilden aus! <\/h1>\t\t\t\t<\/div>\n\t\t\t\t<\/div>\n\t\t\t\t\t<\/div>\n\t\t<\/div>\n\t\t\t\t<div class=\"elementor-column elementor-col-50 elementor-top-column elementor-element elementor-element-1a970f06\" data-id=\"1a970f06\" data-element_type=\"column\" data-e-type=\"column\">\n\t\t\t<div class=\"elementor-widget-wrap elementor-element-populated\">\n\t\t\t\t\t\t<div class=\"elementor-element elementor-element-7cbf9a1f elementor-widget elementor-widget-text-editor\" data-id=\"7cbf9a1f\" data-element_type=\"widget\" data-e-type=\"widget\" data-widget_type=\"text-editor.default\">\n\t\t\t\t<div class=\"elementor-widget-container\">\n\t\t\t\t\t\t\t\t\t<p>Denn l\u00e4ngst hat sich dieser traditionsreiche Berufszweig zu einem modernen Dienstleistungsgewerbe mit starken Hightech-Komponenten gemausert, in der sich alles um Genuss und Qualit\u00e4t dreht.<\/p><p>\u00a0<\/p><p>Im Mittelpunkt der Aufgaben eines Fleischer-Fachgesch\u00e4ftes stehen neben der Beratung der Kunden auch die Auswahl und Beschaffung des \u201eRohmaterials&#8220; aus gesicherter kontrollierter Herkunft sowie die anschlie\u00dfende Veredelung. Das reicht von der Herstellung traditioneller Fleisch- und Wurstspezialit\u00e4ten bis hin zur Entwicklung und Zubereitung neuer kulinarischer Ideen f\u00fcr private Partys, Empf\u00e4nge und andere gro\u00dfe Veranstaltungen.<\/p>\t\t\t\t\t\t\t\t<\/div>\n\t\t\t\t<\/div>\n\t\t\t\t\t<\/div>\n\t\t<\/div>\n\t\t\t\t\t<\/div>\n\t\t<\/section>\n\t\t\t\t<section class=\"elementor-section elementor-top-section elementor-element elementor-element-1d5684bd elementor-section-full_width elementor-section-height-default elementor-section-height-default\" data-id=\"1d5684bd\" data-element_type=\"section\" data-e-type=\"section\">\n\t\t\t\t\t\t<div class=\"elementor-container elementor-column-gap-default\">\n\t\t\t\t\t<div class=\"elementor-column elementor-col-100 elementor-top-column elementor-element elementor-element-5876ccbc\" data-id=\"5876ccbc\" data-element_type=\"column\" data-e-type=\"column\">\n\t\t\t<div class=\"elementor-widget-wrap elementor-element-populated\">\n\t\t\t\t\t\t<div class=\"elementor-element elementor-element-c86bdf4 elementor-widget elementor-widget-image\" data-id=\"c86bdf4\" data-element_type=\"widget\" data-e-type=\"widget\" data-settings=\"{&quot;motion_fx_motion_fx_scrolling&quot;:&quot;yes&quot;,&quot;motion_fx_devices&quot;:[&quot;desktop&quot;,&quot;tablet&quot;,&quot;mobile&quot;]}\" data-widget_type=\"image.default\">\n\t\t\t\t<div class=\"elementor-widget-container\">\n\t\t\t\t\t\t\t\t\t\t\t\t\t\t\t<img fetchpriority=\"high\" decoding=\"async\" width=\"1600\" height=\"1067\" src=\"https:\/\/www.fleischer-grossmann.de\/wp-content\/uploads\/2021\/05\/ausbildung.jpg\" class=\"attachment-full size-full wp-image-1008\" alt=\"Ausbildung\" srcset=\"https:\/\/www.fleischer-grossmann.de\/wp-content\/uploads\/2021\/05\/ausbildung.jpg 1600w, https:\/\/www.fleischer-grossmann.de\/wp-content\/uploads\/2021\/05\/ausbildung-300x200.jpg 300w, https:\/\/www.fleischer-grossmann.de\/wp-content\/uploads\/2021\/05\/ausbildung-1024x683.jpg 1024w, https:\/\/www.fleischer-grossmann.de\/wp-content\/uploads\/2021\/05\/ausbildung-768x512.jpg 768w, https:\/\/www.fleischer-grossmann.de\/wp-content\/uploads\/2021\/05\/ausbildung-1536x1024.jpg 1536w\" sizes=\"(max-width: 1600px) 100vw, 1600px\" title=\"Ausbildung\">\t\t\t\t\t\t\t\t\t\t\t\t\t\t\t<\/div>\n\t\t\t\t<\/div>\n\t\t\t\t\t<\/div>\n\t\t<\/div>\n\t\t\t\t\t<\/div>\n\t\t<\/section>\n\t\t\t\t<section class=\"elementor-section elementor-top-section elementor-element elementor-element-78cdff69 elementor-section-full_width elementor-section-height-default elementor-section-height-default\" data-id=\"78cdff69\" data-element_type=\"section\" data-e-type=\"section\">\n\t\t\t\t\t\t<div class=\"elementor-container elementor-column-gap-default\">\n\t\t\t\t\t<div class=\"elementor-column elementor-col-33 elementor-top-column elementor-element elementor-element-62f54950\" data-id=\"62f54950\" data-element_type=\"column\" data-e-type=\"column\">\n\t\t\t<div class=\"elementor-widget-wrap elementor-element-populated\">\n\t\t\t\t\t\t<section class=\"elementor-section elementor-inner-section elementor-element elementor-element-6a942a7a elementor-section-height-min-height elementor-section-boxed elementor-section-height-default\" data-id=\"6a942a7a\" data-element_type=\"section\" data-e-type=\"section\" data-settings=\"{&quot;motion_fx_motion_fx_scrolling&quot;:&quot;yes&quot;,&quot;motion_fx_translateY_effect&quot;:&quot;yes&quot;,&quot;motion_fx_translateY_direction&quot;:&quot;negative&quot;,&quot;motion_fx_translateY_speed&quot;:{&quot;unit&quot;:&quot;px&quot;,&quot;size&quot;:&quot;1&quot;,&quot;sizes&quot;:[]},&quot;motion_fx_devices&quot;:[&quot;desktop&quot;],&quot;motion_fx_translateY_affectedRange&quot;:{&quot;unit&quot;:&quot;%&quot;,&quot;size&quot;:&quot;&quot;,&quot;sizes&quot;:{&quot;start&quot;:0,&quot;end&quot;:100}}}\">\n\t\t\t\t\t\t<div class=\"elementor-container elementor-column-gap-default\">\n\t\t\t\t\t<div class=\"elementor-column elementor-col-100 elementor-inner-column elementor-element elementor-element-78ad10e2\" data-id=\"78ad10e2\" data-element_type=\"column\" data-e-type=\"column\">\n\t\t\t<div class=\"elementor-widget-wrap elementor-element-populated\">\n\t\t\t\t\t\t<div class=\"elementor-element elementor-element-46720884 elementor-widget elementor-widget-heading\" data-id=\"46720884\" data-element_type=\"widget\" data-e-type=\"widget\" data-widget_type=\"heading.default\">\n\t\t\t\t<div class=\"elementor-widget-container\">\n\t\t\t\t\t<h2 class=\"elementor-heading-title elementor-size-default\">Du hast ES\n<br>in der <b>HAND<\/b><\/h2>\t\t\t\t<\/div>\n\t\t\t\t<\/div>\n\t\t\t\t<div class=\"elementor-element elementor-element-1559234e elementor-widget elementor-widget-text-editor\" data-id=\"1559234e\" data-element_type=\"widget\" data-e-type=\"widget\" data-widget_type=\"text-editor.default\">\n\t\t\t\t<div class=\"elementor-widget-container\">\n\t\t\t\t\t\t\t\t\t<p>Fleischer bzw. Fleischerin und Fleischerei-Fachverk\u00e4ufer\/Fachverk\u00e4uferin &#8211; beide Ausbildungswege bieten eine Basis f\u00fcr eine wirtschaftlich gesicherte Existenz. Mit Engagement und Kreativit\u00e4t hat man es dabei selbst in der Hand den eigenen Laden nicht nur zu einem Geheimtipp, sondern zu einer festen Gr\u00f6\u00dfe in der kulinarischen Szene zu machen.<\/p><p><span style=\"font-size: 20px; letter-spacing: 1.8px;\">Haben wir dein Interesse geweckt? Dann bewirb dich jetzt!<\/span><\/p><p><span style=\"font-size: 20px; letter-spacing: 1.8px;\">\u00dcbrigens, die Branche bietet hervorragende Karrierechancen:<\/span><\/p><p><span style=\"font-size: 20px; letter-spacing: 1.8px;\">Stationen des Aufstieges k\u00f6nnen sein:<\/span><\/p><ul><li>Fleischer*in<\/li><li>Fleischerei-Fachverk\u00e4ufer*in<\/li><li>Verkaufsleiter*in<\/li><li>Betriebswirt*in<\/li><li>Fleischermeister*in<\/li><li>Fleischereitechniker*in<\/li><li>Lebensmitteltechnologe*in<\/li><\/ul>\t\t\t\t\t\t\t\t<\/div>\n\t\t\t\t<\/div>\n\t\t\t\t\t<\/div>\n\t\t<\/div>\n\t\t\t\t\t<\/div>\n\t\t<\/section>\n\t\t\t\t\t<\/div>\n\t\t<\/div>\n\t\t\t\t<div class=\"elementor-column elementor-col-33 elementor-top-column elementor-element elementor-element-1ea0a800\" data-id=\"1ea0a800\" data-element_type=\"column\" data-e-type=\"column\">\n\t\t\t<div class=\"elementor-widget-wrap elementor-element-populated\">\n\t\t\t\t\t\t<div class=\"elementor-element elementor-element-497bbd44 elementor-widget elementor-widget-image\" data-id=\"497bbd44\" data-element_type=\"widget\" data-e-type=\"widget\" data-widget_type=\"image.default\">\n\t\t\t\t<div class=\"elementor-widget-container\">\n\t\t\t\t\t\t\t\t\t\t\t\t\t\t\t<img decoding=\"async\" width=\"331\" height=\"456\" src=\"https:\/\/www.fleischer-grossmann.de\/wp-content\/uploads\/2021\/04\/1.png\" class=\"attachment-full size-full wp-image-708\" alt=\"1\" srcset=\"https:\/\/www.fleischer-grossmann.de\/wp-content\/uploads\/2021\/04\/1.png 331w, https:\/\/www.fleischer-grossmann.de\/wp-content\/uploads\/2021\/04\/1-218x300.png 218w\" sizes=\"(max-width: 331px) 100vw, 331px\" title=\"Ausbildung\">\t\t\t\t\t\t\t\t\t\t\t\t\t\t\t<\/div>\n\t\t\t\t<\/div>\n\t\t\t\t<div class=\"elementor-element elementor-element-4e209c7f elementor-widget elementor-widget-image\" data-id=\"4e209c7f\" data-element_type=\"widget\" data-e-type=\"widget\" data-widget_type=\"image.default\">\n\t\t\t\t<div class=\"elementor-widget-container\">\n\t\t\t\t\t\t\t\t\t\t\t\t\t\t\t<img decoding=\"async\" width=\"331\" height=\"258\" src=\"https:\/\/www.fleischer-grossmann.de\/wp-content\/uploads\/2021\/04\/4.png\" class=\"attachment-full size-full wp-image-709\" alt=\"4\" srcset=\"https:\/\/www.fleischer-grossmann.de\/wp-content\/uploads\/2021\/04\/4.png 331w, https:\/\/www.fleischer-grossmann.de\/wp-content\/uploads\/2021\/04\/4-300x234.png 300w\" sizes=\"(max-width: 331px) 100vw, 331px\" title=\"Ausbildung\">\t\t\t\t\t\t\t\t\t\t\t\t\t\t\t<\/div>\n\t\t\t\t<\/div>\n\t\t\t\t\t<\/div>\n\t\t<\/div>\n\t\t\t\t<div class=\"elementor-column elementor-col-33 elementor-top-column elementor-element elementor-element-41ecbab1\" data-id=\"41ecbab1\" data-element_type=\"column\" data-e-type=\"column\">\n\t\t\t<div class=\"elementor-widget-wrap elementor-element-populated\">\n\t\t\t\t\t\t<div class=\"elementor-element elementor-element-1476a8c4 elementor-widget elementor-widget-image\" data-id=\"1476a8c4\" data-element_type=\"widget\" data-e-type=\"widget\" data-widget_type=\"image.default\">\n\t\t\t\t<div class=\"elementor-widget-container\">\n\t\t\t\t\t\t\t\t\t\t\t\t\t\t\t<img loading=\"lazy\" decoding=\"async\" width=\"331\" height=\"258\" src=\"https:\/\/www.fleischer-grossmann.de\/wp-content\/uploads\/2021\/04\/2.png\" class=\"attachment-full size-full wp-image-710\" alt=\"2\" srcset=\"https:\/\/www.fleischer-grossmann.de\/wp-content\/uploads\/2021\/04\/2.png 331w, https:\/\/www.fleischer-grossmann.de\/wp-content\/uploads\/2021\/04\/2-300x234.png 300w\" sizes=\"(max-width: 331px) 100vw, 331px\" title=\"Ausbildung\">\t\t\t\t\t\t\t\t\t\t\t\t\t\t\t<\/div>\n\t\t\t\t<\/div>\n\t\t\t\t<div class=\"elementor-element elementor-element-1636f82d elementor-widget elementor-widget-image\" data-id=\"1636f82d\" data-element_type=\"widget\" data-e-type=\"widget\" data-widget_type=\"image.default\">\n\t\t\t\t<div class=\"elementor-widget-container\">\n\t\t\t\t\t\t\t\t\t\t\t\t\t\t\t<img loading=\"lazy\" decoding=\"async\" width=\"331\" height=\"456\" src=\"https:\/\/www.fleischer-grossmann.de\/wp-content\/uploads\/2021\/04\/3.png\" class=\"attachment-full size-full wp-image-711\" alt=\"3\" srcset=\"https:\/\/www.fleischer-grossmann.de\/wp-content\/uploads\/2021\/04\/3.png 331w, https:\/\/www.fleischer-grossmann.de\/wp-content\/uploads\/2021\/04\/3-218x300.png 218w\" sizes=\"(max-width: 331px) 100vw, 331px\" title=\"Ausbildung\">\t\t\t\t\t\t\t\t\t\t\t\t\t\t\t<\/div>\n\t\t\t\t<\/div>\n\t\t\t\t\t<\/div>\n\t\t<\/div>\n\t\t\t\t\t<\/div>\n\t\t<\/section>\n\t\t\t\t<\/div>\n\t\t","protected":false},"excerpt":{"rendered":"<p>Wir bilden aus! Denn l\u00e4ngst hat sich dieser traditionsreiche Berufszweig zu einem modernen Dienstleistungsgewerbe mit starken Hightech-Komponenten gemausert, in der sich alles um Genuss und Qualit\u00e4t dreht. \u00a0 Im Mittelpunkt der Aufgaben eines Fleischer-Fachgesch\u00e4ftes stehen neben der Beratung der Kunden auch die Auswahl und Beschaffung des \u201eRohmaterials&#8220; aus gesicherter kontrollierter Herkunft sowie die anschlie\u00dfende Veredelung. [&hellip;]<\/p>\n","protected":false},"author":1,"featured_media":0,"parent":0,"menu_order":0,"comment_status":"closed","ping_status":"closed","template":"","meta":{"ocean_post_layout":"","ocean_both_sidebars_style":"","ocean_both_sidebars_content_width":0,"ocean_both_sidebars_sidebars_width":0,"ocean_sidebar":"0","ocean_second_sidebar":"0","ocean_disable_margins":"enable","ocean_add_body_class":"","ocean_shortcode_before_top_bar":"","ocean_shortcode_after_top_bar":"","ocean_shortcode_before_header":"","ocean_shortcode_after_header":"","ocean_has_shortcode":"","ocean_shortcode_after_title":"","ocean_shortcode_before_footer_widgets":"","ocean_shortcode_after_footer_widgets":"","ocean_shortcode_before_footer_bottom":"","ocean_shortcode_after_footer_bottom":"","ocean_display_top_bar":"default","ocean_display_header":"default","ocean_header_style":"","ocean_center_header_left_menu":"0","ocean_custom_header_template":"0","ocean_custom_logo":0,"ocean_custom_retina_logo":0,"ocean_custom_logo_max_width":0,"ocean_custom_logo_tablet_max_width":0,"ocean_custom_logo_mobile_max_width":0,"ocean_custom_logo_max_height":0,"ocean_custom_logo_tablet_max_height":0,"ocean_custom_logo_mobile_max_height":0,"ocean_header_custom_menu":"0","ocean_menu_typo_font_family":"0","ocean_menu_typo_font_subset":"","ocean_menu_typo_font_size":0,"ocean_menu_typo_font_size_tablet":0,"ocean_menu_typo_font_size_mobile":0,"ocean_menu_typo_font_size_unit":"px","ocean_menu_typo_font_weight":"","ocean_menu_typo_font_weight_tablet":"","ocean_menu_typo_font_weight_mobile":"","ocean_menu_typo_transform":"","ocean_menu_typo_transform_tablet":"","ocean_menu_typo_transform_mobile":"","ocean_menu_typo_line_height":0,"ocean_menu_typo_line_height_tablet":0,"ocean_menu_typo_line_height_mobile":0,"ocean_menu_typo_line_height_unit":"","ocean_menu_typo_spacing":0,"ocean_menu_typo_spacing_tablet":0,"ocean_menu_typo_spacing_mobile":0,"ocean_menu_typo_spacing_unit":"","ocean_menu_link_color":"","ocean_menu_link_color_hover":"","ocean_menu_link_color_active":"","ocean_menu_link_background":"","ocean_menu_link_hover_background":"","ocean_menu_link_active_background":"","ocean_menu_social_links_bg":"","ocean_menu_social_hover_links_bg":"","ocean_menu_social_links_color":"","ocean_menu_social_hover_links_color":"","ocean_disable_title":"on","ocean_disable_heading":"default","ocean_post_title":"","ocean_post_subheading":"","ocean_post_title_style":"","ocean_post_title_background_color":"","ocean_post_title_background":0,"ocean_post_title_bg_image_position":"","ocean_post_title_bg_image_attachment":"","ocean_post_title_bg_image_repeat":"","ocean_post_title_bg_image_size":"","ocean_post_title_height":0,"ocean_post_title_bg_overlay":0.5,"ocean_post_title_bg_overlay_color":"","ocean_disable_breadcrumbs":"default","ocean_breadcrumbs_color":"","ocean_breadcrumbs_separator_color":"","ocean_breadcrumbs_links_color":"","ocean_breadcrumbs_links_hover_color":"","ocean_display_footer_widgets":"default","ocean_display_footer_bottom":"default","ocean_custom_footer_template":"0","footnotes":""},"class_list":["post-705","page","type-page","status-publish","hentry","entry"],"_links":{"self":[{"href":"https:\/\/www.fleischer-grossmann.de\/index.php\/wp-json\/wp\/v2\/pages\/705","targetHints":{"allow":["GET"]}}],"collection":[{"href":"https:\/\/www.fleischer-grossmann.de\/index.php\/wp-json\/wp\/v2\/pages"}],"about":[{"href":"https:\/\/www.fleischer-grossmann.de\/index.php\/wp-json\/wp\/v2\/types\/page"}],"author":[{"embeddable":true,"href":"https:\/\/www.fleischer-grossmann.de\/index.php\/wp-json\/wp\/v2\/users\/1"}],"replies":[{"embeddable":true,"href":"https:\/\/www.fleischer-grossmann.de\/index.php\/wp-json\/wp\/v2\/comments?post=705"}],"version-history":[{"count":0,"href":"https:\/\/www.fleischer-grossmann.de\/index.php\/wp-json\/wp\/v2\/pages\/705\/revisions"}],"wp:attachment":[{"href":"https:\/\/www.fleischer-grossmann.de\/index.php\/wp-json\/wp\/v2\/media?parent=705"}],"curies":[{"name":"wp","href":"https:\/\/api.w.org\/{rel}","templated":true}]}}