{"id":642,"date":"2021-04-20T12:50:29","date_gmt":"2021-04-20T12:50:29","guid":{"rendered":"http:\/\/www.fleischer-grossmann.de\/?page_id=642"},"modified":"2021-05-31T10:45:53","modified_gmt":"2021-05-31T10:45:53","slug":"services","status":"publish","type":"page","link":"https:\/\/www.fleischer-grossmann.de\/index.php\/services\/","title":{"rendered":"Services"},"content":{"rendered":"\t\t<div data-elementor-type=\"wp-page\" data-elementor-id=\"642\" class=\"elementor elementor-642\" data-elementor-post-type=\"page\">\n\t\t\t\t\t\t<section class=\"elementor-section elementor-top-section elementor-element elementor-element-75d41fa8 elementor-section-content-middle elementor-section-height-min-height elementor-section-boxed elementor-section-height-default elementor-section-items-middle\" data-id=\"75d41fa8\" data-element_type=\"section\" data-e-type=\"section\" data-settings=\"{&quot;background_background&quot;:&quot;classic&quot;}\">\n\t\t\t\t\t\t<div class=\"elementor-container elementor-column-gap-default\">\n\t\t\t\t\t<div class=\"elementor-column elementor-col-100 elementor-top-column elementor-element elementor-element-10fa7f73\" data-id=\"10fa7f73\" data-element_type=\"column\" data-e-type=\"column\" data-settings=\"{&quot;background_background&quot;:&quot;classic&quot;}\">\n\t\t\t<div class=\"elementor-widget-wrap elementor-element-populated\">\n\t\t\t\t\t\t<div class=\"elementor-element elementor-element-248b62cf elementor-widget elementor-widget-heading\" data-id=\"248b62cf\" data-element_type=\"widget\" data-e-type=\"widget\" data-widget_type=\"heading.default\">\n\t\t\t\t<div class=\"elementor-widget-container\">\n\t\t\t\t\t<h1 class=\"elementor-heading-title elementor-size-default\">Thekenverkauf<\/h1>\t\t\t\t<\/div>\n\t\t\t\t<\/div>\n\t\t\t\t\t<\/div>\n\t\t<\/div>\n\t\t\t\t\t<\/div>\n\t\t<\/section>\n\t\t\t\t<section class=\"elementor-section elementor-top-section elementor-element elementor-element-30a1e4dc elementor-section-boxed elementor-section-height-default elementor-section-height-default\" data-id=\"30a1e4dc\" data-element_type=\"section\" data-e-type=\"section\">\n\t\t\t\t\t\t<div class=\"elementor-container elementor-column-gap-no\">\n\t\t\t\t\t<div class=\"elementor-column elementor-col-50 elementor-top-column elementor-element elementor-element-29468ec5\" data-id=\"29468ec5\" data-element_type=\"column\" data-e-type=\"column\">\n\t\t\t<div class=\"elementor-widget-wrap elementor-element-populated\">\n\t\t\t\t\t\t<div class=\"elementor-element elementor-element-20c6f22f elementor-widget elementor-widget-heading\" data-id=\"20c6f22f\" data-element_type=\"widget\" data-e-type=\"widget\" data-widget_type=\"heading.default\">\n\t\t\t\t<div class=\"elementor-widget-container\">\n\t\t\t\t\t<h2 class=\"elementor-heading-title elementor-size-default\">T\u00e4glich frisch<\/h2>\t\t\t\t<\/div>\n\t\t\t\t<\/div>\n\t\t\t\t<div class=\"elementor-element elementor-element-503f6ef1 elementor-widget elementor-widget-text-editor\" data-id=\"503f6ef1\" data-element_type=\"widget\" data-e-type=\"widget\" data-widget_type=\"text-editor.default\">\n\t\t\t\t<div class=\"elementor-widget-container\">\n\t\t\t\t\t\t\t\t\t<ul><li>Frischfleisch von Schwein, Rind und Gefl\u00fcgel<br \/><br \/><\/li><li>Br\u00fch- und Kochwurst (Frischwurstaufschnitt, Fleischwurst, W\u00fcrstchen, Leberwurst, S\u00fclzen, Blutwurst)<br \/><br \/><\/li><li>Rohwurst, Dauerwurst, Salami<br \/><br \/><\/li><li>Schinken roh und gekocht<br \/><br \/><\/li><li>Konserven, Gl\u00e4ser z.B. Rouladen und Gulasch<br \/><br \/><\/li><li>Reichhaltiges Salatsortiment<br \/><br \/><\/li><li>Herzhaftes K\u00e4sesortiment<br \/><br \/><\/li><li>Gerichte f\u00fcr den Ofen: Lasagne, verschiedene Kastenbraten, Aufl\u00e4ufe<\/li><\/ul><p><span style=\"font-size: 16px;\">\u00a0<\/span><\/p><p><span style=\"font-size: 16px;\"><b>Spezialit\u00e4ten des Hauses je nach Saison:<\/b><\/span><\/p><p>\u00a0<\/p><p>F\u00fcr den Grillspa\u00df im Sommer halten wir f\u00fcr Sie eine gro\u00dfe Auswahl an marinierten Steaks und Grillw\u00fcrstchen bereit.<\/p><p>\u00a0<\/p><p>lm Winter verst\u00e4rken wir das Angebot im Bereich der Braten und der Hausmacher Produkte.<\/p><p>\u00a0<\/p>\t\t\t\t\t\t\t\t<\/div>\n\t\t\t\t<\/div>\n\t\t\t\t\t<\/div>\n\t\t<\/div>\n\t\t\t\t<div class=\"elementor-column elementor-col-50 elementor-top-column elementor-element elementor-element-3ca4731c\" data-id=\"3ca4731c\" data-element_type=\"column\" data-e-type=\"column\">\n\t\t\t<div class=\"elementor-widget-wrap elementor-element-populated\">\n\t\t\t\t\t\t<div class=\"elementor-element elementor-element-7c1a043 elementor-hidden-phone elementor-widget elementor-widget-image\" data-id=\"7c1a043\" data-element_type=\"widget\" data-e-type=\"widget\" data-widget_type=\"image.default\">\n\t\t\t\t<div class=\"elementor-widget-container\">\n\t\t\t\t\t\t\t\t\t\t\t\t\t\t\t<img fetchpriority=\"high\" decoding=\"async\" width=\"1000\" height=\"667\" src=\"https:\/\/www.fleischer-grossmann.de\/wp-content\/uploads\/2021\/05\/grossmann_f.jpg\" class=\"attachment-large size-large wp-image-988\" alt=\"Grossmann F\" srcset=\"https:\/\/www.fleischer-grossmann.de\/wp-content\/uploads\/2021\/05\/grossmann_f.jpg 1000w, https:\/\/www.fleischer-grossmann.de\/wp-content\/uploads\/2021\/05\/grossmann_f-300x200.jpg 300w, https:\/\/www.fleischer-grossmann.de\/wp-content\/uploads\/2021\/05\/grossmann_f-768x512.jpg 768w\" sizes=\"(max-width: 1000px) 100vw, 1000px\" title=\"Services\">\t\t\t\t\t\t\t\t\t\t\t\t\t\t\t<\/div>\n\t\t\t\t<\/div>\n\t\t\t\t\t<\/div>\n\t\t<\/div>\n\t\t\t\t\t<\/div>\n\t\t<\/section>\n\t\t\t\t<section class=\"elementor-section elementor-top-section elementor-element elementor-element-6aa0536 elementor-reverse-mobile elementor-section-boxed elementor-section-height-default elementor-section-height-default\" data-id=\"6aa0536\" data-element_type=\"section\" data-e-type=\"section\">\n\t\t\t\t\t\t<div class=\"elementor-container elementor-column-gap-default\">\n\t\t\t\t\t<div class=\"elementor-column elementor-col-100 elementor-top-column elementor-element elementor-element-9f0e876\" data-id=\"9f0e876\" data-element_type=\"column\" data-e-type=\"column\">\n\t\t\t<div class=\"elementor-widget-wrap elementor-element-populated\">\n\t\t\t\t\t\t<div class=\"elementor-element elementor-element-309a71eb elementor-hidden-phone elementor-widget elementor-widget-image\" data-id=\"309a71eb\" data-element_type=\"widget\" data-e-type=\"widget\" data-widget_type=\"image.default\">\n\t\t\t\t<div class=\"elementor-widget-container\">\n\t\t\t\t\t\t\t\t\t\t\t\t\t\t\t<img decoding=\"async\" width=\"1000\" height=\"638\" src=\"https:\/\/www.fleischer-grossmann.de\/wp-content\/uploads\/2021\/05\/grossmann_g.jpg\" class=\"attachment-large size-large wp-image-990\" alt=\"Grossmann G\" srcset=\"https:\/\/www.fleischer-grossmann.de\/wp-content\/uploads\/2021\/05\/grossmann_g.jpg 1000w, https:\/\/www.fleischer-grossmann.de\/wp-content\/uploads\/2021\/05\/grossmann_g-300x191.jpg 300w, https:\/\/www.fleischer-grossmann.de\/wp-content\/uploads\/2021\/05\/grossmann_g-768x490.jpg 768w\" sizes=\"(max-width: 1000px) 100vw, 1000px\" title=\"Services\">\t\t\t\t\t\t\t\t\t\t\t\t\t\t\t<\/div>\n\t\t\t\t<\/div>\n\t\t\t\t\t<\/div>\n\t\t<\/div>\n\t\t\t\t\t<\/div>\n\t\t<\/section>\n\t\t\t\t<\/div>\n\t\t","protected":false},"excerpt":{"rendered":"<p>Thekenverkauf T\u00e4glich frisch Frischfleisch von Schwein, Rind und Gefl\u00fcgel Br\u00fch- und Kochwurst (Frischwurstaufschnitt, Fleischwurst, W\u00fcrstchen, Leberwurst, S\u00fclzen, Blutwurst) Rohwurst, Dauerwurst, Salami Schinken roh und gekocht Konserven, Gl\u00e4ser z.B. Rouladen und Gulasch Reichhaltiges Salatsortiment Herzhaftes K\u00e4sesortiment Gerichte f\u00fcr den Ofen: Lasagne, verschiedene Kastenbraten, Aufl\u00e4ufe \u00a0 Spezialit\u00e4ten des Hauses je nach Saison: \u00a0 F\u00fcr den Grillspa\u00df im [&hellip;]<\/p>\n","protected":false},"author":1,"featured_media":0,"parent":0,"menu_order":0,"comment_status":"closed","ping_status":"closed","template":"","meta":{"ocean_post_layout":"","ocean_both_sidebars_style":"","ocean_both_sidebars_content_width":0,"ocean_both_sidebars_sidebars_width":0,"ocean_sidebar":"0","ocean_second_sidebar":"0","ocean_disable_margins":"enable","ocean_add_body_class":"","ocean_shortcode_before_top_bar":"","ocean_shortcode_after_top_bar":"","ocean_shortcode_before_header":"","ocean_shortcode_after_header":"","ocean_has_shortcode":"","ocean_shortcode_after_title":"","ocean_shortcode_before_footer_widgets":"","ocean_shortcode_after_footer_widgets":"","ocean_shortcode_before_footer_bottom":"","ocean_shortcode_after_footer_bottom":"","ocean_display_top_bar":"default","ocean_display_header":"default","ocean_header_style":"","ocean_center_header_left_menu":"0","ocean_custom_header_template":"0","ocean_custom_logo":0,"ocean_custom_retina_logo":0,"ocean_custom_logo_max_width":0,"ocean_custom_logo_tablet_max_width":0,"ocean_custom_logo_mobile_max_width":0,"ocean_custom_logo_max_height":0,"ocean_custom_logo_tablet_max_height":0,"ocean_custom_logo_mobile_max_height":0,"ocean_header_custom_menu":"0","ocean_menu_typo_font_family":"0","ocean_menu_typo_font_subset":"","ocean_menu_typo_font_size":0,"ocean_menu_typo_font_size_tablet":0,"ocean_menu_typo_font_size_mobile":0,"ocean_menu_typo_font_size_unit":"px","ocean_menu_typo_font_weight":"","ocean_menu_typo_font_weight_tablet":"","ocean_menu_typo_font_weight_mobile":"","ocean_menu_typo_transform":"","ocean_menu_typo_transform_tablet":"","ocean_menu_typo_transform_mobile":"","ocean_menu_typo_line_height":0,"ocean_menu_typo_line_height_tablet":0,"ocean_menu_typo_line_height_mobile":0,"ocean_menu_typo_line_height_unit":"","ocean_menu_typo_spacing":0,"ocean_menu_typo_spacing_tablet":0,"ocean_menu_typo_spacing_mobile":0,"ocean_menu_typo_spacing_unit":"","ocean_menu_link_color":"","ocean_menu_link_color_hover":"","ocean_menu_link_color_active":"","ocean_menu_link_background":"","ocean_menu_link_hover_background":"","ocean_menu_link_active_background":"","ocean_menu_social_links_bg":"","ocean_menu_social_hover_links_bg":"","ocean_menu_social_links_color":"","ocean_menu_social_hover_links_color":"","ocean_disable_title":"on","ocean_disable_heading":"default","ocean_post_title":"","ocean_post_subheading":"","ocean_post_title_style":"","ocean_post_title_background_color":"","ocean_post_title_background":0,"ocean_post_title_bg_image_position":"","ocean_post_title_bg_image_attachment":"","ocean_post_title_bg_image_repeat":"","ocean_post_title_bg_image_size":"","ocean_post_title_height":0,"ocean_post_title_bg_overlay":0.5,"ocean_post_title_bg_overlay_color":"","ocean_disable_breadcrumbs":"default","ocean_breadcrumbs_color":"","ocean_breadcrumbs_separator_color":"","ocean_breadcrumbs_links_color":"","ocean_breadcrumbs_links_hover_color":"","ocean_display_footer_widgets":"default","ocean_display_footer_bottom":"default","ocean_custom_footer_template":"0","footnotes":""},"class_list":["post-642","page","type-page","status-publish","hentry","entry"],"_links":{"self":[{"href":"https:\/\/www.fleischer-grossmann.de\/index.php\/wp-json\/wp\/v2\/pages\/642","targetHints":{"allow":["GET"]}}],"collection":[{"href":"https:\/\/www.fleischer-grossmann.de\/index.php\/wp-json\/wp\/v2\/pages"}],"about":[{"href":"https:\/\/www.fleischer-grossmann.de\/index.php\/wp-json\/wp\/v2\/types\/page"}],"author":[{"embeddable":true,"href":"https:\/\/www.fleischer-grossmann.de\/index.php\/wp-json\/wp\/v2\/users\/1"}],"replies":[{"embeddable":true,"href":"https:\/\/www.fleischer-grossmann.de\/index.php\/wp-json\/wp\/v2\/comments?post=642"}],"version-history":[{"count":0,"href":"https:\/\/www.fleischer-grossmann.de\/index.php\/wp-json\/wp\/v2\/pages\/642\/revisions"}],"wp:attachment":[{"href":"https:\/\/www.fleischer-grossmann.de\/index.php\/wp-json\/wp\/v2\/media?parent=642"}],"curies":[{"name":"wp","href":"https:\/\/api.w.org\/{rel}","templated":true}]}}